{"id":13939,"date":"2022-05-14T04:22:37","date_gmt":"2022-05-14T02:22:37","guid":{"rendered":"http:\/\/assembleegeneraleiag.com\/?page_id=13939"},"modified":"2022-06-08T18:19:49","modified_gmt":"2022-06-08T16:19:49","slug":"votez2","status":"publish","type":"page","link":"http:\/\/assembleegeneraleiag.com\/?page_id=13939","title":{"rendered":"Votez"},"content":{"rendered":"\t\t<div data-elementor-type=\"wp-page\" data-elementor-id=\"13939\" class=\"elementor elementor-13939\" data-elementor-post-type=\"page\">\n\t\t\t\t\t\t<section class=\"elementor-section elementor-top-section elementor-element elementor-element-1e558f1a elementor-section-boxed elementor-section-height-default elementor-section-height-default\" data-id=\"1e558f1a\" data-element_type=\"section\" data-e-type=\"section\" data-settings=\"{&quot;background_background&quot;:&quot;gradient&quot;}\">\n\t\t\t\t\t\t<div class=\"elementor-container elementor-column-gap-default\">\n\t\t\t\t\t<div class=\"elementor-column elementor-col-100 elementor-top-column elementor-element elementor-element-5634bd61\" data-id=\"5634bd61\" data-element_type=\"column\" data-e-type=\"column\">\n\t\t\t<div class=\"elementor-widget-wrap elementor-element-populated\">\n\t\t\t\t\t\t<div class=\"elementor-element elementor-element-9974342 elementor-tablet-align-center elementor-mobile-align-center elementor-align-center elementor-widget elementor-widget-button\" data-id=\"9974342\" data-element_type=\"widget\" data-e-type=\"widget\" data-widget_type=\"button.default\">\n\t\t\t\t<div class=\"elementor-widget-container\">\n\t\t\t\t\t\t\t\t\t<div class=\"elementor-button-wrapper\">\n\t\t\t\t\t<a class=\"elementor-button elementor-button-link elementor-size-sm\" href=\"http:\/\/assembleegeneraleiag.com\/\">\n\t\t\t\t\t\t<span class=\"elementor-button-content-wrapper\">\n\t\t\t\t\t\t<span class=\"elementor-button-icon\">\n\t\t\t\t<i aria-hidden=\"true\" class=\"fas fa-home\"><\/i>\t\t\t<\/span>\n\t\t\t\t\t\t\t\t\t<span class=\"elementor-button-text\">Retour \u00e0 l'accueil<\/span>\n\t\t\t\t\t<\/span>\n\t\t\t\t\t<\/a>\n\t\t\t\t<\/div>\n\t\t\t\t\t\t\t\t<\/div>\n\t\t\t\t<\/div>\n\t\t\t\t<div class=\"elementor-element elementor-element-f47a65f elementor-widget elementor-widget-heading\" data-id=\"f47a65f\" data-element_type=\"widget\" data-e-type=\"widget\" data-widget_type=\"heading.default\">\n\t\t\t\t<div class=\"elementor-widget-container\">\n\t\t\t\t\t<h4 class=\"elementor-heading-title elementor-size-default\">Projet de r\u00e9solutions assembl\u00e9e g\u00e9n\u00e9rale extraordinaire<\/h4>\t\t\t\t<\/div>\n\t\t\t\t<\/div>\n\t\t\t\t<div class=\"elementor-element elementor-element-f86cbe8 elementor-widget elementor-widget-wp-widget-yop_poll_widget\" data-id=\"f86cbe8\" data-element_type=\"widget\" data-e-type=\"widget\" data-widget_type=\"wp-widget-yop_poll_widget.default\">\n\t\t\t\t<div class=\"elementor-widget-container\">\n\t\t\t\t\t<h5><\/h5><div class='bootstrap-yop yop-poll-mc'>\n\t\t\t\t\t\t\t<div class=\"basic-yop-poll-container\" style=\"background-color:#cce0f2; border:1px; border-style:solid; border-color:#2e74b5; border-radius:5px; padding:10px 10px;\" data-id=\"2\" data-temp=\"basic-pretty\" data-skin=\"square\" data-cscheme=\"blue\" data-cap=\"0\" data-access=\"wordpress\" data-tid=\"\" data-uid=\"11836d4b00eb81cf4b4ff1537aabcc2e\" data-pid=\"13939\" data-resdet=\"percentages\" data-show-results-to=\"guest,registered\" data-show-results-moment=\"after-end-date\" data-show-results-only=\"true\" data-show-message=\"true\" data-show-results-as=\"bar\" data-sort-results-by=\"as-defined\" data-sort-results-rule=\"asc\"data-is-ended=\"1\" data-percentages-decimals=\"2\" data-gdpr=\"no\" data-gdpr-sol=\"consent\" data-css=\"@media (min-width: 640px){\n.basic-yop-poll-container .basic-element.basic-question {\ndisplay: flex;\n}\n.basic-yop-poll-container .basic-element .basic-question-title {\nflex-basis: 70%;\nmargin-right: 10px;\n}\n.basic-yop-poll-container .basic-element.basic-question .basic-answers {\ndisplay: flex;\n}\n}\" data-counter=\"0\" data-load-with=\"1\" data-notification-section=\"top\"><div class=\"row\"><div class=\"col-md-12\"><div class=\"basic-inner\"><div class=\"basic-message \" style=\"border-left: 10px solid #0f4a8c; padding: 0px 10px;\" data-error=\"#0f4a8c\" data-success=\"#0f4a8c\"><p class=\"basic-message-text\" style=\"color:#ffffff; font-size:14px; font-weight:normal;\">Le vote est fini<\/p><\/div><div class=\"basic-overlay hide\"><div class=\"basic-vote-options\"><\/div><div class=\"basic-preloader\"><div class=\"basic-windows8\"><div class=\"basic-wBall basic-wBall_1\"><div class=\"basic-wInnerBall\"><\/div><\/div><div class=\"basic-wBall basic-wBall_2\"><div class=\"basic-wInnerBall\"><\/div><\/div><div class=\"basic-wBall basic-wBall_3\"><div class=\"basic-wInnerBall\"><\/div><\/div><div class=\"basic-wBall basic-wBall_4\"><div class=\"basic-wInnerBall\"><\/div><\/div><div class=\"basic-wBall basic-wBall_5\"><div class=\"basic-wInnerBall\"><\/div><\/div><\/div><\/div><\/div><form class=\"basic-form\"><input type=\"hidden\" name=\"_token\" value=\"90e7138b84\" autocomplete=\"off\"><div class=\"basic-elements\"><div class=\"basic-element basic-question basic-question-text-vertical\" data-id=\"26\" data-uid=\"e765ddfc7b9f8a8734cc4fc4463bb277\" data-type=\"question\" data-question-type=\"text\" data-required=\"yes\" data-allow-multiple=\"no\" data-min=\"1\" data-max=\"1\" data-display=\"vertical\" data-colnum=\"\" data-display-others=\"no\" data-others-color=\"\" data-others=\"\" data-others-max-chars=\"0\"><div class=\"basic-question-title\"><h5 style=\"color:#0f4a8c; font-size:16px; font-weight:bold; text-align:left;\">L\u2019article 17 de statuts stipule : \u00ab Le conseil d\u2019administration propose \u00e0 la nomination de l\u2019assembl\u00e9e g\u00e9n\u00e9rale un de ses membres en qualit\u00e9 de d\u00e9ontologue. \u00bb Il a principalement pour r\u00f4le de : - s\u2019assurer du respect de la \u00ab charte de l\u2019administrateur \u00bb par les membres de l\u2019IAG ; - pr\u00e9venir et g\u00e9rer les situations de conflits d\u2019int\u00e9r\u00eats ; - diligenter toute \u00e9tude, enqu\u00eate ou avis relevant de son domaine de comp\u00e9tence. Le premier r\u00f4le du d\u00e9ontologue devient : - s\u2019assurer du respect du code \u00ab d\u2019\u00e9thique et de d\u00e9ontologie \u00bb par les membres de l\u2019IAG Les restes inchang\u00e9s. L\u2019assembl\u00e9e g\u00e9n\u00e9rale extraordinaire, statuant aux conditions de majorit\u00e9 des assembl\u00e9es g\u00e9n\u00e9rales extraordinaires, modifie les statuts comme propos\u00e9 ci-dessus.<\/h5><\/div><ul class=\"basic-answers\"><li class=\"basic-answer\" style=\"padding:0px 0px;\" data-id=\"56\" data-type=\"text\" data-vn=\"14\" data-color=\"#000000\" data-make-link=\"no\" data-link=\"\"><div class=\"basic-answer-content basic-text-vertical\"><label for=\"answer[56]\" class=\"basic-answer-label\"><input type=\"radio\" id=\"answer[56]\" name=\"answer[26]\" value=\"56\"><span class=\"basic-text\" style=\"color: #0f4a8c; font-size: 14px; font-weight: normal;\">Pour<\/span><\/label><\/div><\/li><li class=\"basic-answer\" style=\"padding:0px 0px;\" data-id=\"57\" data-type=\"text\" data-vn=\"0\" data-color=\"#000000\" data-make-link=\"no\" data-link=\"\"><div class=\"basic-answer-content basic-text-vertical\"><label for=\"answer[57]\" class=\"basic-answer-label\"><input type=\"radio\" id=\"answer[57]\" name=\"answer[26]\" value=\"57\"><span class=\"basic-text\" style=\"color: #0f4a8c; font-size: 14px; font-weight: normal;\">Contre<\/span><\/label><\/div><\/li><li class=\"basic-answer\" style=\"padding:0px 0px;\" data-id=\"58\" data-type=\"text\" data-vn=\"0\" data-color=\"#000000\" data-make-link=\"no\" data-link=\"\"><div class=\"basic-answer-content basic-text-vertical\"><label for=\"answer[58]\" class=\"basic-answer-label\"><input type=\"radio\" id=\"answer[58]\" name=\"answer[26]\" value=\"58\"><span class=\"basic-text\" style=\"color: #0f4a8c; font-size: 14px; font-weight: normal;\">Abstention<\/span><\/label><\/div><\/li><\/ul><\/div><div class=\"clearfix\"><\/div><div class=\"basic-element basic-question basic-question-text-vertical\" data-id=\"27\" data-uid=\"0e7baedb9e2975e429ab196e404af8e4\" data-type=\"question\" data-question-type=\"text\" data-required=\"no\" data-allow-multiple=\"no\" data-min=\"1\" data-max=\"1\" data-display=\"vertical\" data-colnum=\"\" data-display-others=\"no\" data-others-color=\"\" data-others=\"\" data-others-max-chars=\"0\"><div class=\"basic-question-title\"><h5 style=\"color:#0f4a8c; font-size:16px; font-weight:bold; text-align:left;\">Les statuts de notre association dans son article 11.4 : Cessation de fonction d\u2019administrateur stipulent que la fonction d\u2019administrateur cesse : - Par d\u00e9mission volontaire ; - Par la perte de la qualit\u00e9 de membre de l\u2019association ; - Par d\u00e9cision de l\u2019assembl\u00e9e g\u00e9n\u00e9rale ordinaire sur proposition du conseil d\u2019administrationLe conseil propose de rajouter un autre crit\u00e8re pour la cessation de fonction d\u2019administrateur qui sera celui du nombre de pr\u00e9sence aux r\u00e9unions. L\u2019article 11.4 devient :La fonction d\u2019administrateur cesse : - Par la d\u00e9mission volontaire - Par la perte de la qualit\u00e9 de membre de l\u2019association - A la suite de trois absences aux r\u00e9unions au cours d\u2019un m\u00eame exercice. Le nombre d\u2019absence cons\u00e9cutive \u00e9tant limit\u00e9 \u00e0 deux.Par d\u00e9cision de l\u2019assembl\u00e9e g\u00e9n\u00e9rale ordinaire sur proposition du conseil d\u2019administration. L\u2019Assembl\u00e9e g\u00e9n\u00e9rale extraordinaire, statuant aux conditions de majorit\u00e9 des assembl\u00e9es g\u00e9n\u00e9rales extraordinaires, modifie les statuts comme propos\u00e9 ci-dessus.<\/h5><\/div><ul class=\"basic-answers\"><li class=\"basic-answer\" style=\"padding:0px 0px;\" data-id=\"59\" data-type=\"text\" data-vn=\"13\" data-color=\"#000000\" data-make-link=\"no\" data-link=\"\"><div class=\"basic-answer-content basic-text-vertical\"><label for=\"answer[59]\" class=\"basic-answer-label\"><input type=\"radio\" id=\"answer[59]\" name=\"answer[27]\" value=\"59\"><span class=\"basic-text\" style=\"color: #0f4a8c; font-size: 14px; font-weight: normal;\">Pour<\/span><\/label><\/div><\/li><li class=\"basic-answer\" style=\"padding:0px 0px;\" data-id=\"60\" data-type=\"text\" data-vn=\"0\" data-color=\"#000000\" data-make-link=\"no\" data-link=\"\"><div class=\"basic-answer-content basic-text-vertical\"><label for=\"answer[60]\" class=\"basic-answer-label\"><input type=\"radio\" id=\"answer[60]\" name=\"answer[27]\" value=\"60\"><span class=\"basic-text\" style=\"color: #0f4a8c; font-size: 14px; font-weight: normal;\">Contre<\/span><\/label><\/div><\/li><li class=\"basic-answer\" style=\"padding:0px 0px;\" data-id=\"61\" data-type=\"text\" data-vn=\"0\" data-color=\"#000000\" data-make-link=\"no\" data-link=\"\"><div class=\"basic-answer-content basic-text-vertical\"><label for=\"answer[61]\" class=\"basic-answer-label\"><input type=\"radio\" id=\"answer[61]\" name=\"answer[27]\" value=\"61\"><span class=\"basic-text\" style=\"color: #0f4a8c; font-size: 14px; font-weight: normal;\">Abstention<\/span><\/label><\/div><\/li><\/ul><\/div><div class=\"clearfix\"><\/div><div class=\"basic-element basic-question basic-question-text-vertical\" data-id=\"28\" data-uid=\"5eb4d891b9d757e6cc339e05cbc94457\" data-type=\"question\" data-question-type=\"text\" data-required=\"no\" data-allow-multiple=\"no\" data-min=\"1\" data-max=\"1\" data-display=\"vertical\" data-colnum=\"\" data-display-others=\"no\" data-others-color=\"\" data-others=\"\" data-others-max-chars=\"0\"><div class=\"basic-question-title\"><h5 style=\"color:#0f4a8c; font-size:16px; font-weight:bold; text-align:left;\">L\u2019assembl\u00e9e g\u00e9n\u00e9rale extraordinaire, statuant aux conditions de quorum et de majorit\u00e9 des assembl\u00e9es g\u00e9n\u00e9rales extraordinaires, conf\u00e8re, en tant que de besoin, toutes les fois que cela sera compatible avec les prescriptions l\u00e9gales, tous pouvoirs au porteur d\u2019un original, d\u2019un extrait ou d\u2019une copie du pr\u00e9sent proc\u00e8s-verbal et de mani\u00e8re g\u00e9n\u00e9rale tous pouvoirs \u00e0 l\u2019effet d\u2019accomplir toutes formalit\u00e9s l\u00e9gales ou autres de publicit\u00e9.<\/h5><\/div><ul class=\"basic-answers\"><li class=\"basic-answer\" style=\"padding:0px 0px;\" data-id=\"62\" data-type=\"text\" data-vn=\"14\" data-color=\"#000000\" data-make-link=\"no\" data-link=\"\"><div class=\"basic-answer-content basic-text-vertical\"><label for=\"answer[62]\" class=\"basic-answer-label\"><input type=\"radio\" id=\"answer[62]\" name=\"answer[28]\" value=\"62\"><span class=\"basic-text\" style=\"color: #0f4a8c; font-size: 14px; font-weight: normal;\">Pour<\/span><\/label><\/div><\/li><li class=\"basic-answer\" style=\"padding:0px 0px;\" data-id=\"63\" data-type=\"text\" data-vn=\"0\" data-color=\"#000000\" data-make-link=\"no\" data-link=\"\"><div class=\"basic-answer-content basic-text-vertical\"><label for=\"answer[63]\" class=\"basic-answer-label\"><input type=\"radio\" id=\"answer[63]\" name=\"answer[28]\" value=\"63\"><span class=\"basic-text\" style=\"color: #0f4a8c; font-size: 14px; font-weight: normal;\">Contre<\/span><\/label><\/div><\/li><li class=\"basic-answer\" style=\"padding:0px 0px;\" data-id=\"64\" data-type=\"text\" data-vn=\"0\" data-color=\"#000000\" data-make-link=\"no\" data-link=\"\"><div class=\"basic-answer-content basic-text-vertical\"><label for=\"answer[64]\" class=\"basic-answer-label\"><input type=\"radio\" id=\"answer[64]\" name=\"answer[28]\" value=\"64\"><span class=\"basic-text\" style=\"color: #0f4a8c; font-size: 14px; font-weight: normal;\">Abstention<\/span><\/label><\/div><\/li><\/ul><\/div><div class=\"clearfix\"><\/div><\/div><div class=\"basic-stats text-center\"><span class=\"basic-stats-votes\"><span class=\"basic-stats-votes-number\">14<\/span><span class=\"basic-stats-votes-text\">&nbsp;votes<\/span><\/span><\/div><div class=\"basic-vote\"><a href=\"#\" class=\"button basic-vote-button\" role=\"button\" style=\"background:#0f4a8c; border:1px; border-style: solid; border-color:#000000; border-radius:0px; padding:5px 10px; color:#ffffff; font-size:14px; font-weight:normal;\">Voter<\/a><\/div><\/form><div class=\"yop-poll-modal\"><div class=\"yop-poll-modal-content\"><div class=\"yop-poll-modal-header\"><span class=\"yop-poll-modal-close\">&times;<\/span><\/div><div class=\"yop-poll-modal-body\"><div class=\"yop-poll-form-group\"><label class=\"yop-poll-user-or-email-label\">Username or Email Address<\/label><input type=\"text\" class=\"yop-poll-user-or-email-input\" autocomplete=\"off\"><\/div><div class=\"yop-poll-form-group\"><label class=\"yop-poll-password-label\">Password<\/label><input type=\"password\" class=\"yop-poll-password-input\" autocomplete=\"off\"><\/div><div class=\"yop-poll-form-group submit\"><button class=\"button button-primary button-large yop-poll-login-button\">Log In<\/button><\/div><div class=\"yop-poll-form-group yop-poll-section-login-options\"><p><a href=\"http:\/\/assembleegeneraleiag.com\/wp-login.php?action=register\" target=\"_blank\">No account? Register here<\/a><\/p><p><a href=\"http:\/\/assembleegeneraleiag.com\/wp-login.php?action=lostpassword\" target=\"_blank\">Forgott password<\/a><\/p><\/div><\/div><\/div><\/div><\/div><\/div><\/div><\/div>\n\t\t\t\t\t\t<\/div>\t\t\t\t<\/div>\n\t\t\t\t<\/div>\n\t\t\t\t\t<\/div>\n\t\t<\/div>\n\t\t\t\t\t<\/div>\n\t\t<\/section>\n\t\t\t\t<\/div>\n\t\t","protected":false},"excerpt":{"rendered":"<p>Retour \u00e0 l&#8217;accueil Projet de r\u00e9solutions assembl\u00e9e g\u00e9n\u00e9rale extraordinaire<\/p>\n","protected":false},"author":6,"featured_media":0,"parent":0,"menu_order":0,"comment_status":"closed","ping_status":"closed","template":"elementor_canvas","meta":{"footnotes":""},"class_list":["post-13939","page","type-page","status-publish","hentry"],"_links":{"self":[{"href":"http:\/\/assembleegeneraleiag.com\/index.php?rest_route=\/wp\/v2\/pages\/13939","targetHints":{"allow":["GET"]}}],"collection":[{"href":"http:\/\/assembleegeneraleiag.com\/index.php?rest_route=\/wp\/v2\/pages"}],"about":[{"href":"http:\/\/assembleegeneraleiag.com\/index.php?rest_route=\/wp\/v2\/types\/page"}],"author":[{"embeddable":true,"href":"http:\/\/assembleegeneraleiag.com\/index.php?rest_route=\/wp\/v2\/users\/6"}],"replies":[{"embeddable":true,"href":"http:\/\/assembleegeneraleiag.com\/index.php?rest_route=%2Fwp%2Fv2%2Fcomments&post=13939"}],"version-history":[{"count":16,"href":"http:\/\/assembleegeneraleiag.com\/index.php?rest_route=\/wp\/v2\/pages\/13939\/revisions"}],"predecessor-version":[{"id":14126,"href":"http:\/\/assembleegeneraleiag.com\/index.php?rest_route=\/wp\/v2\/pages\/13939\/revisions\/14126"}],"wp:attachment":[{"href":"http:\/\/assembleegeneraleiag.com\/index.php?rest_route=%2Fwp%2Fv2%2Fmedia&parent=13939"}],"curies":[{"name":"wp","href":"https:\/\/api.w.org\/{rel}","templated":true}]}}